{"id":75,"date":"2020-01-27T08:29:32","date_gmt":"2020-01-27T08:29:32","guid":{"rendered":"https:\/\/demosites.io\/web-agency-gb\/?page_id=75"},"modified":"2026-03-12T15:34:28","modified_gmt":"2026-03-12T15:34:28","slug":"contacto","status":"publish","type":"page","link":"https:\/\/wheninlanguage.com\/en\/contacto\/","title":{"rendered":"Contact Us"},"content":{"rendered":"<div class=\"wp-block-cover alignfull\" style=\"min-height:300px;aspect-ratio:unset;\"><span aria-hidden=\"true\" class=\"wp-block-cover__background has-nv-site-bg-background-color has-background-dim-100 has-background-dim\"><\/span><div class=\"wp-block-cover__inner-container is-layout-flow wp-block-cover-is-layout-flow\">\n<div class=\"wp-block-group\"><div class=\"wp-block-group__inner-container is-layout-flow wp-block-group-is-layout-flow\">\n<h1 class=\"wp-block-heading has-text-align-left has-neve-text-color-color has-text-color\">Let\u2019s talk <\/h1>\n<\/div><\/div>\n<\/div><\/div>\n\n\n\n<div class=\"wp-block-cover alignfull\" style=\"min-height:420px;aspect-ratio:unset;\"><span aria-hidden=\"true\" class=\"wp-block-cover__background has-nv-light-bg-background-color has-background-dim-100 has-background-dim\"><\/span><div class=\"wp-block-cover__inner-container is-layout-flow wp-block-cover-is-layout-flow\">\n<div style=\"height:80px\" aria-hidden=\"true\" class=\"wp-block-spacer\"><\/div>\n\n\n\n<div class=\"wp-block-columns is-layout-flex wp-container-core-columns-is-layout-9d6595d7 wp-block-columns-is-layout-flex\">\n<div class=\"wp-block-column ticss-4ce656f1 is-layout-flow wp-block-column-is-layout-flow\">\n<div class=\"wp-block-group has-nv-site-bg-background-color has-background\"><div class=\"wp-block-group__inner-container is-layout-flow wp-block-group-is-layout-flow\">\n<div style=\"height:24px\" aria-hidden=\"true\" class=\"wp-block-spacer\"><\/div>\n\n\n<div class=\"wp-block-image icon-style is-style-default\">\n<figure class=\"aligncenter size-large\"><img loading=\"lazy\" decoding=\"async\" width=\"63\" height=\"63\" src=\"https:\/\/wheninlanguage.com\/wp-content\/uploads\/2021\/06\/phone-sm.png\" alt=\"\" class=\"wp-image-304\"\/><\/figure>\n<\/div>\n\n\n<div style=\"height:24px\" aria-hidden=\"true\" class=\"wp-block-spacer\"><\/div>\n\n\n\n<h3 class=\"wp-block-heading has-text-align-center has-neve-text-color-color has-text-color\">Call me<\/h3>\n\n\n\n<p class=\"has-text-align-center has-neve-text-color-color has-text-color\" style=\"font-size:15px\"><a href=\"tel:+34697244357\">+34697244357<\/a><\/p>\n\n\n\n<div style=\"height:24px\" aria-hidden=\"true\" class=\"wp-block-spacer\"><\/div>\n<\/div><\/div>\n<\/div>\n\n\n\n<div class=\"wp-block-column ticss-f6fc7494 is-layout-flow wp-block-column-is-layout-flow\">\n<div class=\"wp-block-group has-nv-site-bg-background-color has-background\"><div class=\"wp-block-group__inner-container is-layout-flow wp-block-group-is-layout-flow\">\n<div style=\"height:24px\" aria-hidden=\"true\" class=\"wp-block-spacer\"><\/div>\n\n\n<div class=\"wp-block-image icon-style is-style-default\">\n<figure class=\"aligncenter size-large\"><img loading=\"lazy\" decoding=\"async\" width=\"65\" height=\"65\" src=\"https:\/\/wheninlanguage.com\/wp-content\/uploads\/2021\/06\/email-sm.png\" alt=\"\" class=\"wp-image-306\"\/><\/figure>\n<\/div>\n\n\n<div style=\"height:24px\" aria-hidden=\"true\" class=\"wp-block-spacer\"><\/div>\n\n\n\n<h3 class=\"wp-block-heading has-text-align-center has-neve-text-color-color has-text-color\">Email<\/h3>\n\n\n\n<p class=\"has-text-align-center has-neve-text-color-color has-text-color\" style=\"font-size:15px\"><a href=\"mailto:contacto@wheninlanguage.com\">contacto@wheninlanguage.com<\/a><\/p>\n\n\n\n<div style=\"height:24px\" aria-hidden=\"true\" class=\"wp-block-spacer\"><\/div>\n<\/div><\/div>\n<\/div>\n\n\n\n<div class=\"wp-block-column ticss-a5b4df29 is-layout-flow wp-block-column-is-layout-flow\">\n<div class=\"wp-block-group has-nv-site-bg-background-color has-background\"><div class=\"wp-block-group__inner-container is-layout-flow wp-block-group-is-layout-flow\">\n<div style=\"height:24px\" aria-hidden=\"true\" class=\"wp-block-spacer\"><\/div>\n\n\n<div class=\"wp-block-image icon-style is-style-default\">\n<figure class=\"aligncenter size-large\"><img loading=\"lazy\" decoding=\"async\" width=\"49\" height=\"65\" src=\"https:\/\/wheninlanguage.com\/wp-content\/uploads\/2021\/06\/location-sm.png\" alt=\"\" class=\"wp-image-305\"\/><\/figure>\n<\/div>\n\n\n<div style=\"height:24px\" aria-hidden=\"true\" class=\"wp-block-spacer\"><\/div>\n\n\n\n<h3 class=\"wp-block-heading has-text-align-center has-neve-text-color-color has-text-color\">Location<\/h3>\n\n\n\n<p class=\"has-text-align-center has-neve-text-color-color has-text-color\" style=\"font-size:15px\">Madrid<\/p>\n\n\n\n<div style=\"height:24px\" aria-hidden=\"true\" class=\"wp-block-spacer\"><\/div>\n<\/div><\/div>\n<\/div>\n<\/div>\n\n\n\n<div style=\"height:30px\" aria-hidden=\"true\" class=\"wp-block-spacer\"><\/div>\n<\/div><\/div>\n\n\n\n<div class=\"wp-block-cover alignfull\" style=\"min-height:600px;aspect-ratio:unset;\"><span aria-hidden=\"true\" class=\"wp-block-cover__background has-nv-dark-bg-background-color has-background-dim-100 has-background-dim\"><\/span><div class=\"wp-block-cover__inner-container is-layout-flow wp-block-cover-is-layout-flow\">\n<div class=\"wp-block-group\"><div class=\"wp-block-group__inner-container is-layout-flow wp-block-group-is-layout-flow\">\n<div style=\"height:80px\" aria-hidden=\"true\" class=\"wp-block-spacer\"><\/div>\n\n\n\n<div class=\"wp-block-columns is-layout-flex wp-container-core-columns-is-layout-9d6595d7 wp-block-columns-is-layout-flex\">\n<div class=\"wp-block-column is-layout-flow wp-block-column-is-layout-flow\" style=\"flex-basis:50%\">\n<h2 class=\"wp-block-heading has-nv-text-dark-bg-color has-text-color\">Let\u2019s talk<\/h2>\n\n\n\n<p class=\"has-white-color has-text-color\">Get in touch with me.<\/p>\n\n\n\n<p class=\"has-white-color has-text-color\">Let me know what you need. I will prepare a personalized quote for you.<\/p>\n\n\n\n<ul class=\"wp-block-social-links has-normal-icon-size is-style-pill-shape is-layout-flex wp-block-social-links-is-layout-flex\"><\/ul>\n<\/div>\n\n\n\n<div class=\"wp-block-column is-vertically-aligned-center is-layout-flow wp-block-column-is-layout-flow\" style=\"flex-basis:50%\">\n<div id=\"wp-block-themeisle-blocks-form-5a53b94c\" class=\"wp-block-themeisle-blocks-form\" data-option-name=\"bf9b28ff82ce323187abc5d0feb0d8f07ecd8436_5a53b94c\"><form class=\"otter-form__container\" action=\"\">\n<div id=\"wp-block-themeisle-blocks-form-input-dcbb4f89\" class=\"wp-block-themeisle-blocks-form-input\"><label for=\"wp-block-themeisle-blocks-form-input-dcbb4f89-input\" class=\"otter-form-input-label\"><span class=\"otter-form-input-label__label\">Name<\/span><span class=\"required\">*<\/span><\/label><input type=\"text\" id=\"wp-block-themeisle-blocks-form-input-dcbb4f89-input\" required class=\"otter-form-input\"\/><\/div>\n\n\n\n<div id=\"wp-block-themeisle-blocks-form-input-c32e5623\" class=\"wp-block-themeisle-blocks-form-input\"><label for=\"wp-block-themeisle-blocks-form-input-c32e5623-input\" class=\"otter-form-input-label\"><span class=\"otter-form-input-label__label\">Email<\/span><span class=\"required\">*<\/span><\/label><input type=\"email\" id=\"wp-block-themeisle-blocks-form-input-c32e5623-input\" required class=\"otter-form-input\"\/><\/div>\n\n\n\n<div id=\"wp-block-themeisle-blocks-form-input-e06753ef\" class=\"wp-block-themeisle-blocks-form-input\"><label for=\"wp-block-themeisle-blocks-form-input-e06753ef-input\" class=\"otter-form-input-label\"><span class=\"otter-form-input-label__label\">Phone<\/span><span class=\"required\">*<\/span><\/label><input type=\"number\" id=\"wp-block-themeisle-blocks-form-input-e06753ef-input\" required class=\"otter-form-input\"\/><\/div>\n\n\n\n<div id=\"wp-block-themeisle-blocks-form-textarea-655994fe\" class=\"wp-block-themeisle-blocks-form-textarea\"><label for=\"wp-block-themeisle-blocks-form-textarea-655994fe-input\" class=\"otter-form-textarea-label\"><span class=\"otter-form-textarea-label__label\">Message<\/span><\/label><textarea id=\"wp-block-themeisle-blocks-form-textarea-655994fe-input\" rows=\"10\" class=\"otter-form-textarea-input\"><\/textarea><\/div>\n\n\n<div class=\"wp-block-themeisle-blocks-form-multiple-choice\" id=\"wp-block-themeisle-blocks-form-input-6ba6cb84\"><label class=\"otter-form-input-label\" >Privacy Policy<span class=\"required\">*<\/span><\/label><div class=\"o-form-choices\"><div class=\"o-form-multiple-choice-field\"><input type=\"checkbox\" name=\"wp-block-themeisle-blocks-form-input-6ba6cb84\" id=\"field-&lt;a_href=&quot;https:\/\/wheninlanguage.com\/privacy-policy\/&quot;&gt;Pol\u00edtica_de_Privacidad&lt;\/a&gt;\" value=\"&lt;a_href=&quot;https:\/\/wheninlanguage.com\/privacy-policy\/&quot;&gt;Pol\u00edtica_de_Privacidad&lt;\/a&gt;\" required \/><label for=\"field-&lt;a_href=&quot;https:\/\/wheninlanguage.com\/privacy-policy\/&quot;&gt;Pol\u00edtica_de_Privacidad&lt;\/a&gt;\" class=\"o-form-choice-label\"><a href=\"https:\/\/wheninlanguage.com\/en\/privacy-policy\/\">Privacy Policy<\/a><\/label><\/div><\/div><span class=\"o-form-help\"><\/span><\/div>\n\n<div class=\"protection\" aria-hidden=\"true\"><input type=\"hidden\" id=\"wp-block-themeisle-blocks-form-5a53b94c_nonce_field\" name=\"wp-block-themeisle-blocks-form-5a53b94c_nonce_field\" value=\"c424f51c04\" \/><input type=\"hidden\" name=\"_wp_http_referer\" value=\"\/en\/wp-json\/wp\/v2\/pages\/75\" \/><input class=\"o-anti-bot\" type=\"checkbox\"><\/div><div class=\"wp-block-button\"><button class=\"wp-block-button__link\" type=\"submit\">Send<\/button><\/div><input type=\"hidden\" name=\"trp-form-language\" value=\"en\"\/><\/form><\/div>\n<\/div>\n<\/div>\n\n\n\n<div style=\"height:40px\" aria-hidden=\"true\" class=\"wp-block-spacer\"><\/div>\n<\/div><\/div>\n<\/div><\/div>","protected":false},"excerpt":{"rendered":"","protected":false},"author":1,"featured_media":0,"parent":0,"menu_order":0,"comment_status":"closed","ping_status":"closed","template":"","meta":{"neve_meta_sidebar":"default","neve_meta_container":"","neve_meta_enable_content_width":"on","neve_meta_content_width":100,"neve_meta_title_alignment":"","neve_meta_author_avatar":"","neve_post_elements_order":"","neve_meta_disable_header":"","neve_meta_disable_footer":"","neve_meta_disable_title":"on","_themeisle_gutenberg_block_has_review":false,"footnotes":""},"class_list":["post-75","page","type-page","status-publish","hentry"],"yoast_head":"<!-- This site is optimized with the Yoast SEO plugin v26.5 - https:\/\/yoast.com\/wordpress\/plugins\/seo\/ -->\n<title>Contact Us - When in Language<\/title>\n<meta name=\"robots\" content=\"index, follow, max-snippet:-1, max-image-preview:large, max-video-preview:-1\" \/>\n<link rel=\"canonical\" href=\"https:\/\/wheninlanguage.com\/en\/contacto\/\" \/>\n<meta property=\"og:locale\" content=\"en_GB\" \/>\n<meta property=\"og:type\" content=\"article\" \/>\n<meta property=\"og:title\" content=\"Contact Us - When in Language\" \/>\n<meta property=\"og:url\" content=\"https:\/\/wheninlanguage.com\/en\/contacto\/\" \/>\n<meta property=\"og:site_name\" content=\"When in Language\" \/>\n<meta property=\"article:modified_time\" content=\"2026-03-12T15:34:28+00:00\" \/>\n<meta property=\"og:image\" content=\"https:\/\/wheninlanguage.com\/wp-content\/uploads\/2021\/06\/phone-sm.png\" \/>\n\t<meta property=\"og:image:width\" content=\"63\" \/>\n\t<meta property=\"og:image:height\" content=\"63\" \/>\n\t<meta property=\"og:image:type\" content=\"image\/png\" \/>\n<meta name=\"twitter:card\" content=\"summary_large_image\" \/>\n<meta name=\"twitter:label1\" content=\"Estimated reading time\" \/>\n\t<meta name=\"twitter:data1\" content=\"1 minute\" \/>\n<script type=\"application\/ld+json\" class=\"yoast-schema-graph\">{\"@context\":\"https:\/\/schema.org\",\"@graph\":[{\"@type\":\"WebPage\",\"@id\":\"https:\/\/wheninlanguage.com\/contacto\/\",\"url\":\"https:\/\/wheninlanguage.com\/contacto\/\",\"name\":\"Contact Us - When in Language\",\"isPartOf\":{\"@id\":\"https:\/\/wheninlanguage.com\/#website\"},\"primaryImageOfPage\":{\"@id\":\"https:\/\/wheninlanguage.com\/contacto\/#primaryimage\"},\"image\":{\"@id\":\"https:\/\/wheninlanguage.com\/contacto\/#primaryimage\"},\"thumbnailUrl\":\"https:\/\/wheninlanguage.com\/wp-content\/uploads\/2021\/06\/phone-sm.png\",\"datePublished\":\"2020-01-27T08:29:32+00:00\",\"dateModified\":\"2026-03-12T15:34:28+00:00\",\"breadcrumb\":{\"@id\":\"https:\/\/wheninlanguage.com\/contacto\/#breadcrumb\"},\"inLanguage\":\"en-GB\",\"potentialAction\":[{\"@type\":\"ReadAction\",\"target\":[\"https:\/\/wheninlanguage.com\/contacto\/\"]}]},{\"@type\":\"ImageObject\",\"inLanguage\":\"en-GB\",\"@id\":\"https:\/\/wheninlanguage.com\/contacto\/#primaryimage\",\"url\":\"https:\/\/wheninlanguage.com\/wp-content\/uploads\/2021\/06\/phone-sm.png\",\"contentUrl\":\"https:\/\/wheninlanguage.com\/wp-content\/uploads\/2021\/06\/phone-sm.png\"},{\"@type\":\"BreadcrumbList\",\"@id\":\"https:\/\/wheninlanguage.com\/contacto\/#breadcrumb\",\"itemListElement\":[{\"@type\":\"ListItem\",\"position\":1,\"name\":\"Portada\",\"item\":\"https:\/\/wheninlanguage.com\/\"},{\"@type\":\"ListItem\",\"position\":2,\"name\":\"Contact Us\"}]},{\"@type\":\"WebSite\",\"@id\":\"https:\/\/wheninlanguage.com\/#website\",\"url\":\"https:\/\/wheninlanguage.com\/\",\"name\":\"When in Language\",\"description\":\"When in Language | Traducci\u00f3n y revisi\u00f3n de textos humanos y maqu\u00ednicos\",\"publisher\":{\"@id\":\"https:\/\/wheninlanguage.com\/#organization\"},\"alternateName\":\"When in Language | Traducci\u00f3n y revisi\u00f3n de textos humanos y maqu\u00ednicos\",\"potentialAction\":[{\"@type\":\"SearchAction\",\"target\":{\"@type\":\"EntryPoint\",\"urlTemplate\":\"https:\/\/wheninlanguage.com\/?s={search_term_string}\"},\"query-input\":{\"@type\":\"PropertyValueSpecification\",\"valueRequired\":true,\"valueName\":\"search_term_string\"}}],\"inLanguage\":\"en-GB\"},{\"@type\":\"Organization\",\"@id\":\"https:\/\/wheninlanguage.com\/#organization\",\"name\":\"When in Language\",\"url\":\"https:\/\/wheninlanguage.com\/\",\"logo\":{\"@type\":\"ImageObject\",\"inLanguage\":\"en-GB\",\"@id\":\"https:\/\/wheninlanguage.com\/#\/schema\/logo\/image\/\",\"url\":\"https:\/\/wheninlanguage.com\/wp-content\/uploads\/2020\/12\/web-agency-logo-3.png\",\"contentUrl\":\"https:\/\/wheninlanguage.com\/wp-content\/uploads\/2020\/12\/web-agency-logo-3.png\",\"width\":200,\"height\":200,\"caption\":\"When in Language\"},\"image\":{\"@id\":\"https:\/\/wheninlanguage.com\/#\/schema\/logo\/image\/\"}}]}<\/script>\n<!-- \/ Yoast SEO plugin. -->","yoast_head_json":{"title":"Contact Us - When in Language","robots":{"index":"index","follow":"follow","max-snippet":"max-snippet:-1","max-image-preview":"max-image-preview:large","max-video-preview":"max-video-preview:-1"},"canonical":"https:\/\/wheninlanguage.com\/en\/contacto\/","og_locale":"en_GB","og_type":"article","og_title":"Contact Us - When in Language","og_url":"https:\/\/wheninlanguage.com\/en\/contacto\/","og_site_name":"When in Language","article_modified_time":"2026-03-12T15:34:28+00:00","og_image":[{"width":63,"height":63,"url":"https:\/\/wheninlanguage.com\/wp-content\/uploads\/2021\/06\/phone-sm.png","type":"image\/png"}],"twitter_card":"summary_large_image","twitter_misc":{"Estimated reading time":"1 minute"},"schema":{"@context":"https:\/\/schema.org","@graph":[{"@type":"WebPage","@id":"https:\/\/wheninlanguage.com\/contacto\/","url":"https:\/\/wheninlanguage.com\/contacto\/","name":"Contact Us - When in Language","isPartOf":{"@id":"https:\/\/wheninlanguage.com\/#website"},"primaryImageOfPage":{"@id":"https:\/\/wheninlanguage.com\/contacto\/#primaryimage"},"image":{"@id":"https:\/\/wheninlanguage.com\/contacto\/#primaryimage"},"thumbnailUrl":"https:\/\/wheninlanguage.com\/wp-content\/uploads\/2021\/06\/phone-sm.png","datePublished":"2020-01-27T08:29:32+00:00","dateModified":"2026-03-12T15:34:28+00:00","breadcrumb":{"@id":"https:\/\/wheninlanguage.com\/contacto\/#breadcrumb"},"inLanguage":"en-GB","potentialAction":[{"@type":"ReadAction","target":["https:\/\/wheninlanguage.com\/contacto\/"]}]},{"@type":"ImageObject","inLanguage":"en-GB","@id":"https:\/\/wheninlanguage.com\/contacto\/#primaryimage","url":"https:\/\/wheninlanguage.com\/wp-content\/uploads\/2021\/06\/phone-sm.png","contentUrl":"https:\/\/wheninlanguage.com\/wp-content\/uploads\/2021\/06\/phone-sm.png"},{"@type":"BreadcrumbList","@id":"https:\/\/wheninlanguage.com\/contacto\/#breadcrumb","itemListElement":[{"@type":"ListItem","position":1,"name":"Portada","item":"https:\/\/wheninlanguage.com\/"},{"@type":"ListItem","position":2,"name":"Contact Us"}]},{"@type":"WebSite","@id":"https:\/\/wheninlanguage.com\/#website","url":"https:\/\/wheninlanguage.com\/","name":"When in Language","description":"When in Language | Traducci\u00f3n y revisi\u00f3n de textos humanos y maqu\u00ednicos","publisher":{"@id":"https:\/\/wheninlanguage.com\/#organization"},"alternateName":"When in Language | Traducci\u00f3n y revisi\u00f3n de textos humanos y maqu\u00ednicos","potentialAction":[{"@type":"SearchAction","target":{"@type":"EntryPoint","urlTemplate":"https:\/\/wheninlanguage.com\/?s={search_term_string}"},"query-input":{"@type":"PropertyValueSpecification","valueRequired":true,"valueName":"search_term_string"}}],"inLanguage":"en-GB"},{"@type":"Organization","@id":"https:\/\/wheninlanguage.com\/#organization","name":"When in Language","url":"https:\/\/wheninlanguage.com\/","logo":{"@type":"ImageObject","inLanguage":"en-GB","@id":"https:\/\/wheninlanguage.com\/#\/schema\/logo\/image\/","url":"https:\/\/wheninlanguage.com\/wp-content\/uploads\/2020\/12\/web-agency-logo-3.png","contentUrl":"https:\/\/wheninlanguage.com\/wp-content\/uploads\/2020\/12\/web-agency-logo-3.png","width":200,"height":200,"caption":"When in Language"},"image":{"@id":"https:\/\/wheninlanguage.com\/#\/schema\/logo\/image\/"}}]}},"_links":{"self":[{"href":"https:\/\/wheninlanguage.com\/en\/wp-json\/wp\/v2\/pages\/75","targetHints":{"allow":["GET"]}}],"collection":[{"href":"https:\/\/wheninlanguage.com\/en\/wp-json\/wp\/v2\/pages"}],"about":[{"href":"https:\/\/wheninlanguage.com\/en\/wp-json\/wp\/v2\/types\/page"}],"author":[{"embeddable":true,"href":"https:\/\/wheninlanguage.com\/en\/wp-json\/wp\/v2\/users\/1"}],"replies":[{"embeddable":true,"href":"https:\/\/wheninlanguage.com\/en\/wp-json\/wp\/v2\/comments?post=75"}],"version-history":[{"count":4,"href":"https:\/\/wheninlanguage.com\/en\/wp-json\/wp\/v2\/pages\/75\/revisions"}],"predecessor-version":[{"id":526,"href":"https:\/\/wheninlanguage.com\/en\/wp-json\/wp\/v2\/pages\/75\/revisions\/526"}],"wp:attachment":[{"href":"https:\/\/wheninlanguage.com\/en\/wp-json\/wp\/v2\/media?parent=75"}],"curies":[{"name":"wp","href":"https:\/\/api.w.org\/{rel}","templated":true}]}}