{"id":522,"date":"2026-03-12T15:31:59","date_gmt":"2026-03-12T15:31:59","guid":{"rendered":"https:\/\/wheninlanguage.com\/?page_id=522"},"modified":"2026-03-12T15:31:59","modified_gmt":"2026-03-12T15:31:59","slug":"accesibilidad","status":"publish","type":"page","link":"https:\/\/wheninlanguage.com\/en\/accesibilidad\/","title":{"rendered":"Accesibility"},"content":{"rendered":"\n<p><strong>Declaraci\u00f3n de Accesibilidad<\/strong><\/p>\n\n\n\n<p>Juan Carlos Pav\u00f3n Pav\u00f3n se ha comprometido a hacer accesible su sitio web de conformidad con el Real Decreto 1112\/2018, de 7 de septiembre, sobre accesibilidad de los sitios web y aplicaciones para dispositivos m\u00f3viles del sector p\u00fablico, o desarrollos financiados desde Europa.<\/p>\n\n\n\n<p>La presente declaraci\u00f3n de accesibilidad se aplica al sitio web wheninlanguage.com, excluyendo los contenidos incrustados provenientes de otros dominios.<\/p>\n\n\n\n<p><strong>Situaci\u00f3n de Cumplimiento<\/strong><\/p>\n\n\n\n<p>Este sitio web es Parcialmente Conforme con el RD 1112\/2018 debido a la falta de conformidad de los aspectos que se indican a continuaci\u00f3n.<\/p>\n\n\n\n<p><strong> Contenido No Accesible<\/strong><\/p>\n\n\n\n<p>El contenido que se recoge a continuaci\u00f3n no es accesible por los siguientes motivos:<\/p>\n\n\n\n<p><strong>Falta de conformidad:<\/strong><\/p>\n\n\n\n<p>&#8211; Algunas de las p\u00e1ginas no tienen definido su t\u00edtulo correctamente &#8212; Requisito n\u00famero 9.2.4.2 Titulado de p\u00e1ginas de UNE-EN 301549:2022<\/p>\n\n\n\n<p>&#8211; Pueden existir algunas im\u00e1genes cuya alternativa no est\u00e9 implementada o no sea correcta &#8212; Requisito 9.1.1.1 Contenido no textual UNE-EN 301549:2022<\/p>\n\n\n\n<p>&#8211; Pueden existir encabezados que no sean claros o breves, o que no deber\u00edan ser encabezados &#8212; Requisito n\u00famero 9.2.4.6 Encabezados y etiquetas de UNE-EN 301549:2022<\/p>\n\n\n\n<p>&#8211; Puede haber campos de formulario donde su etiqueta no sea correcta o no exista &#8212; Requisito n\u00famero 9.2.5.3 Inclusi\u00f3n de la etiqueta en el nombre de UNE-EN 301549:2022 y requisito 9.3.3.2 Etiquetas o instrucciones de UNE-EN 301549:2022<\/p>\n\n\n\n<p>&#8211; Podr\u00edan existir fallos puntuales de edici\u00f3n en alguna p\u00e1gina web.<\/p>\n\n\n\n<p><strong>Carga desproporcionada:<\/strong> No resulta aplicable.<\/p>\n\n\n\n<p>El contenido no entra dentro del \u00e1mbito de la legislaci\u00f3n aplicable.<\/p>\n\n\n\n<p>Podr\u00edan existir archivos ofim\u00e1ticos en PDF u otros formatos publicados antes del 20 de septiembre de 2018 que no cumplan en su totalidad todos los requisitos de accesibilidad.<\/p>\n\n\n\n<p>Puede haber contenidos de terceros que no est\u00e9n desarrollados en esta Unidad, ni bajo su control, como archivos ofim\u00e1ticos de diferentes organismos que deban publicarse en este sitio.<\/p>\n\n\n\n<p><strong> Observaciones y Datos de Contacto<\/strong><\/p>\n\n\n\n<p>Puede realizar comunicaciones sobre requisitos de accesibilidad [art\u00edculo 10.2.a) del RD 1112\/2018] como, por ejemplo:<\/p>\n\n\n\n<p>&#8211; Informar sobre cualquier posible incumplimiento por parte de este sitio web.<\/p>\n\n\n\n<p>&#8211; Transmitir otras dificultades de acceso al contenido.<\/p>\n\n\n\n<p>&#8211; Formular cualquier otra consulta o sugerencia de mejora relativa a la accesibilidad del sitio web llamando al tel\u00e9fono +34 697 24 43 57 o escribiendo a jcpavon@gmail.com<\/p>\n\n\n\n<p>Puede presentar:<\/p>\n\n\n\n<p>&#8211; Una queja relativa al cumplimiento de los requisitos del RD 1112\/2018<\/p>\n\n\n\n<p>&#8211; Una solicitud de informaci\u00f3n accesible relativa a:<\/p>\n\n\n\n<p>&nbsp; &#8211; Contenidos que est\u00e1n excluidos del \u00e1mbito de aplicaci\u00f3n del RD 1112\/2018 seg\u00fan lo establecido por el art\u00edculo 3, apartado 4.<\/p>\n\n\n\n<p>&nbsp; &#8211; Contenidos que est\u00e1n exentos del cumplimiento de los requisitos de accesibilidad por imponer una carga desproporcionada.<\/p>\n\n\n\n<p>En la solicitud de informaci\u00f3n accesible, se debe concretar, con toda claridad, los hechos, razones y petici\u00f3n que permitan constatar que se trata de una solicitud razonable y leg\u00edtima.<\/p>\n","protected":false},"excerpt":{"rendered":"<p>Declaraci\u00f3n de Accesibilidad Juan Carlos Pav\u00f3n Pav\u00f3n se ha comprometido a hacer accesible su sitio web de conformidad con el Real Decreto 1112\/2018, de 7 de septiembre, sobre accesibilidad de los sitios web y aplicaciones para dispositivos m\u00f3viles del sector p\u00fablico, o desarrollos financiados desde Europa. La presente declaraci\u00f3n de accesibilidad se aplica al sitio&hellip;&nbsp;<a href=\"https:\/\/wheninlanguage.com\/en\/accesibilidad\/\" rel=\"bookmark\"><span class=\"screen-reader-text\">Accesibility<\/span><\/a><\/p>","protected":false},"author":1,"featured_media":0,"parent":0,"menu_order":0,"comment_status":"closed","ping_status":"closed","template":"","meta":{"neve_meta_sidebar":"","neve_meta_container":"","neve_meta_enable_content_width":"","neve_meta_content_width":0,"neve_meta_title_alignment":"","neve_meta_author_avatar":"","neve_post_elements_order":"","neve_meta_disable_header":"","neve_meta_disable_footer":"","neve_meta_disable_title":"","_themeisle_gutenberg_block_has_review":false,"footnotes":""},"class_list":["post-522","page","type-page","status-publish","hentry"],"yoast_head":"<!-- This site is optimized with the Yoast SEO plugin v26.5 - https:\/\/yoast.com\/wordpress\/plugins\/seo\/ -->\n<title>Accesibilidad - When in Language<\/title>\n<meta name=\"robots\" content=\"index, follow, max-snippet:-1, max-image-preview:large, max-video-preview:-1\" \/>\n<link rel=\"canonical\" href=\"https:\/\/wheninlanguage.com\/en\/accesibilidad\/\" \/>\n<meta property=\"og:locale\" content=\"en_GB\" \/>\n<meta property=\"og:type\" content=\"article\" \/>\n<meta property=\"og:title\" content=\"Accesibilidad - When in Language\" \/>\n<meta property=\"og:description\" content=\"Declaraci\u00f3n de Accesibilidad Juan Carlos Pav\u00f3n Pav\u00f3n se ha comprometido a hacer accesible su sitio web de conformidad con el Real Decreto 1112\/2018, de 7 de septiembre, sobre accesibilidad de los sitios web y aplicaciones para dispositivos m\u00f3viles del sector p\u00fablico, o desarrollos financiados desde Europa. La presente declaraci\u00f3n de accesibilidad se aplica al sitio&hellip;&nbsp;Accesibilidad\" \/>\n<meta property=\"og:url\" content=\"https:\/\/wheninlanguage.com\/en\/accesibilidad\/\" \/>\n<meta property=\"og:site_name\" content=\"When in Language\" \/>\n<meta name=\"twitter:card\" content=\"summary_large_image\" \/>\n<meta name=\"twitter:label1\" content=\"Estimated reading time\" \/>\n\t<meta name=\"twitter:data1\" content=\"3 minutes\" \/>\n<script type=\"application\/ld+json\" class=\"yoast-schema-graph\">{\"@context\":\"https:\/\/schema.org\",\"@graph\":[{\"@type\":\"WebPage\",\"@id\":\"https:\/\/wheninlanguage.com\/accesibilidad\/\",\"url\":\"https:\/\/wheninlanguage.com\/accesibilidad\/\",\"name\":\"Accesibilidad - When in Language\",\"isPartOf\":{\"@id\":\"https:\/\/wheninlanguage.com\/#website\"},\"datePublished\":\"2026-03-12T15:31:59+00:00\",\"breadcrumb\":{\"@id\":\"https:\/\/wheninlanguage.com\/accesibilidad\/#breadcrumb\"},\"inLanguage\":\"en-GB\",\"potentialAction\":[{\"@type\":\"ReadAction\",\"target\":[\"https:\/\/wheninlanguage.com\/accesibilidad\/\"]}]},{\"@type\":\"BreadcrumbList\",\"@id\":\"https:\/\/wheninlanguage.com\/accesibilidad\/#breadcrumb\",\"itemListElement\":[{\"@type\":\"ListItem\",\"position\":1,\"name\":\"Portada\",\"item\":\"https:\/\/wheninlanguage.com\/\"},{\"@type\":\"ListItem\",\"position\":2,\"name\":\"Accesibilidad\"}]},{\"@type\":\"WebSite\",\"@id\":\"https:\/\/wheninlanguage.com\/#website\",\"url\":\"https:\/\/wheninlanguage.com\/\",\"name\":\"When in Language\",\"description\":\"When in Language | Traducci\u00f3n y revisi\u00f3n de textos humanos y maqu\u00ednicos\",\"publisher\":{\"@id\":\"https:\/\/wheninlanguage.com\/#organization\"},\"alternateName\":\"When in Language | Traducci\u00f3n y revisi\u00f3n de textos humanos y maqu\u00ednicos\",\"potentialAction\":[{\"@type\":\"SearchAction\",\"target\":{\"@type\":\"EntryPoint\",\"urlTemplate\":\"https:\/\/wheninlanguage.com\/?s={search_term_string}\"},\"query-input\":{\"@type\":\"PropertyValueSpecification\",\"valueRequired\":true,\"valueName\":\"search_term_string\"}}],\"inLanguage\":\"en-GB\"},{\"@type\":\"Organization\",\"@id\":\"https:\/\/wheninlanguage.com\/#organization\",\"name\":\"When in Language\",\"url\":\"https:\/\/wheninlanguage.com\/\",\"logo\":{\"@type\":\"ImageObject\",\"inLanguage\":\"en-GB\",\"@id\":\"https:\/\/wheninlanguage.com\/#\/schema\/logo\/image\/\",\"url\":\"https:\/\/wheninlanguage.com\/wp-content\/uploads\/2020\/12\/web-agency-logo-3.png\",\"contentUrl\":\"https:\/\/wheninlanguage.com\/wp-content\/uploads\/2020\/12\/web-agency-logo-3.png\",\"width\":200,\"height\":200,\"caption\":\"When in Language\"},\"image\":{\"@id\":\"https:\/\/wheninlanguage.com\/#\/schema\/logo\/image\/\"}}]}<\/script>\n<!-- \/ Yoast SEO plugin. -->","yoast_head_json":{"title":"Accesibilidad - When in Language","robots":{"index":"index","follow":"follow","max-snippet":"max-snippet:-1","max-image-preview":"max-image-preview:large","max-video-preview":"max-video-preview:-1"},"canonical":"https:\/\/wheninlanguage.com\/en\/accesibilidad\/","og_locale":"en_GB","og_type":"article","og_title":"Accesibilidad - When in Language","og_description":"Declaraci\u00f3n de Accesibilidad Juan Carlos Pav\u00f3n Pav\u00f3n se ha comprometido a hacer accesible su sitio web de conformidad con el Real Decreto 1112\/2018, de 7 de septiembre, sobre accesibilidad de los sitios web y aplicaciones para dispositivos m\u00f3viles del sector p\u00fablico, o desarrollos financiados desde Europa. La presente declaraci\u00f3n de accesibilidad se aplica al sitio&hellip;&nbsp;Accesibilidad","og_url":"https:\/\/wheninlanguage.com\/en\/accesibilidad\/","og_site_name":"When in Language","twitter_card":"summary_large_image","twitter_misc":{"Estimated reading time":"3 minutes"},"schema":{"@context":"https:\/\/schema.org","@graph":[{"@type":"WebPage","@id":"https:\/\/wheninlanguage.com\/accesibilidad\/","url":"https:\/\/wheninlanguage.com\/accesibilidad\/","name":"Accesibilidad - When in Language","isPartOf":{"@id":"https:\/\/wheninlanguage.com\/#website"},"datePublished":"2026-03-12T15:31:59+00:00","breadcrumb":{"@id":"https:\/\/wheninlanguage.com\/accesibilidad\/#breadcrumb"},"inLanguage":"en-GB","potentialAction":[{"@type":"ReadAction","target":["https:\/\/wheninlanguage.com\/accesibilidad\/"]}]},{"@type":"BreadcrumbList","@id":"https:\/\/wheninlanguage.com\/accesibilidad\/#breadcrumb","itemListElement":[{"@type":"ListItem","position":1,"name":"Portada","item":"https:\/\/wheninlanguage.com\/"},{"@type":"ListItem","position":2,"name":"Accesibilidad"}]},{"@type":"WebSite","@id":"https:\/\/wheninlanguage.com\/#website","url":"https:\/\/wheninlanguage.com\/","name":"When in Language","description":"When in Language | Traducci\u00f3n y revisi\u00f3n de textos humanos y maqu\u00ednicos","publisher":{"@id":"https:\/\/wheninlanguage.com\/#organization"},"alternateName":"When in Language | Traducci\u00f3n y revisi\u00f3n de textos humanos y maqu\u00ednicos","potentialAction":[{"@type":"SearchAction","target":{"@type":"EntryPoint","urlTemplate":"https:\/\/wheninlanguage.com\/?s={search_term_string}"},"query-input":{"@type":"PropertyValueSpecification","valueRequired":true,"valueName":"search_term_string"}}],"inLanguage":"en-GB"},{"@type":"Organization","@id":"https:\/\/wheninlanguage.com\/#organization","name":"When in Language","url":"https:\/\/wheninlanguage.com\/","logo":{"@type":"ImageObject","inLanguage":"en-GB","@id":"https:\/\/wheninlanguage.com\/#\/schema\/logo\/image\/","url":"https:\/\/wheninlanguage.com\/wp-content\/uploads\/2020\/12\/web-agency-logo-3.png","contentUrl":"https:\/\/wheninlanguage.com\/wp-content\/uploads\/2020\/12\/web-agency-logo-3.png","width":200,"height":200,"caption":"When in Language"},"image":{"@id":"https:\/\/wheninlanguage.com\/#\/schema\/logo\/image\/"}}]}},"_links":{"self":[{"href":"https:\/\/wheninlanguage.com\/en\/wp-json\/wp\/v2\/pages\/522","targetHints":{"allow":["GET"]}}],"collection":[{"href":"https:\/\/wheninlanguage.com\/en\/wp-json\/wp\/v2\/pages"}],"about":[{"href":"https:\/\/wheninlanguage.com\/en\/wp-json\/wp\/v2\/types\/page"}],"author":[{"embeddable":true,"href":"https:\/\/wheninlanguage.com\/en\/wp-json\/wp\/v2\/users\/1"}],"replies":[{"embeddable":true,"href":"https:\/\/wheninlanguage.com\/en\/wp-json\/wp\/v2\/comments?post=522"}],"version-history":[{"count":1,"href":"https:\/\/wheninlanguage.com\/en\/wp-json\/wp\/v2\/pages\/522\/revisions"}],"predecessor-version":[{"id":523,"href":"https:\/\/wheninlanguage.com\/en\/wp-json\/wp\/v2\/pages\/522\/revisions\/523"}],"wp:attachment":[{"href":"https:\/\/wheninlanguage.com\/en\/wp-json\/wp\/v2\/media?parent=522"}],"curies":[{"name":"wp","href":"https:\/\/api.w.org\/{rel}","templated":true}]}}