{"id":3,"date":"2025-12-01T16:30:34","date_gmt":"2025-12-01T16:30:34","guid":{"rendered":"https:\/\/wheninlanguage.com\/?page_id=3"},"modified":"2026-03-12T15:28:46","modified_gmt":"2026-03-12T15:28:46","slug":"privacy-policy","status":"publish","type":"page","link":"https:\/\/wheninlanguage.com\/en\/privacy-policy\/","title":{"rendered":"Privacy Policy"},"content":{"rendered":"<h2 class=\"wp-block-heading\"><strong> Privacy Policy<\/strong><\/h2>\n\n\n\n<p>De conformidad con el art\u00edculo 13 del Reglamento (UE) 2016\/679, de 27 de abril, relativo a la protecci\u00f3n de las personas f\u00edsicas en lo que respecta al tratamiento de datos personales y a la libre circulaci\u00f3n de los mismos, y del art\u00edculo 11 de la Ley Org\u00e1nica 3\/2018, de 5 de diciembre, de Protecci\u00f3n de Datos Personales y garant\u00eda de los derechos digitales (LOPDGDD) se informa al usuario de los siguientes aspectos:<\/p>\n\n\n\n<p><strong> \u00bfQui\u00e9n es el Responsable del tratamiento de sus datos?<\/strong><\/p>\n\n\n\n<p>&#8211; <strong>**Identidad:**<\/strong> Juan Carlos Pav\u00f3n Pav\u00f3n<\/p>\n\n\n\n<p>&#8211; <strong>**NIF:**<\/strong> 06246345M<\/p>\n\n\n\n<p>&#8211; <strong>**Tel\u00e9fono:**<\/strong> +34 697 24 43 57<\/p>\n\n\n\n<p>&#8211; <strong>**Correo electr\u00f3nico:**<\/strong> jcpavon@gmail.com<\/p>\n\n\n\n<p>&#8211; <strong>**Sitio web:**<\/strong> https:\/\/wheninlanguage.com\/<\/p>\n\n\n\n<p><strong> \u00bfCon qu\u00e9 finalidad tratamos sus datos personales?<\/strong><\/p>\n\n\n\n<p>Juan Carlos Pav\u00f3n Pav\u00f3n informa a los usuarios que la finalidad del tratamiento de los datos recabados en el formulario de contacto del presente sitio web contempla: la atenci\u00f3n de la solicitud realizada por el interesado, la inclusi\u00f3n en la agenda de contactos, la prestaci\u00f3n del servicio requerido y la elaboraci\u00f3n de presupuestos.<\/p>\n\n\n\n<p><strong> \u00bfCu\u00e1l es la legitimaci\u00f3n para el tratamiento de sus datos?<\/strong><\/p>\n\n\n\n<p>La base jur\u00eddica para el tratamiento de sus datos personales es el consentimiento expreso manifestado por el usuario de conformidad con el art\u00edculo 6.1.a) del RGPD, a trav\u00e9s de la selecci\u00f3n de la casilla check de env\u00edo del formulario donde verifica su consentimiento.<\/p>\n\n\n\n<p><strong>\u00bfPor cu\u00e1nto tiempo conservaremos sus datos?<\/strong><\/p>\n\n\n\n<p>S\u00f3lo almacenamos los datos personales de los usuarios en la medida en que los necesitamos a fin de poder utilizarlos seg\u00fan la finalidad para la que fueron recabados, y seg\u00fan la base jur\u00eddica del tratamiento de los mismos. Mantendremos los datos personales mientras exista una relaci\u00f3n contractual con el usuario y mientras \u00e9ste no ejerza el derecho de supresi\u00f3n, cancelaci\u00f3n y\/o limitaci\u00f3n del tratamiento de los datos personales.<\/p>\n\n\n\n<p><strong>\u00bfA qu\u00e9 destinatarios se comunicar\u00e1n sus datos?<\/strong><\/p>\n\n\n\n<p>Juan Carlos Pav\u00f3n Pav\u00f3n informa a los usuarios de que sus datos personales no ser\u00e1n cedidos a terceras organizaciones, con la salvedad de que dicha cesi\u00f3n de datos est\u00e9 amparada en una obligaci\u00f3n legal o cuando la prestaci\u00f3n de un servicio implique la necesidad de una relaci\u00f3n contractual con un encargado de tratamiento.<\/p>\n\n\n\n<p><strong> \u00bfCu\u00e1les son sus derechos cuando nos facilita sus datos?<\/strong><\/p>\n\n\n\n<p>Las personas interesadas tienen derecho a acceder a sus datos personales, as\u00ed como a solicitar la rectificaci\u00f3n de los datos inexactos o, en su caso, solicitar su supresi\u00f3n cuando, entre otros motivos, los datos ya no sean necesarios para los fines que fueron recogidos.<\/p>\n\n\n\n<p>En determinadas circunstancias, los interesados podr\u00e1n solicitar la limitaci\u00f3n del tratamiento de sus datos, podr\u00e1n oponerse al tratamiento de los datos, as\u00ed como ejercer el derecho a la portabilidad de sus datos.<\/p>\n\n\n\n<p>Para hacer uso del ejercicio de estos derechos, el usuario deber\u00e1 dirigirse mediante comunicaci\u00f3n escrita, aportando documentaci\u00f3n que acredite su identidad (DNI o pasaporte), a la siguiente direcci\u00f3n de correo electr\u00f3nico: jcpavon@gmail.com. Dicha comunicaci\u00f3n deber\u00e1 reflejar la siguiente informaci\u00f3n: Nombre y apellidos del interesado, la petici\u00f3n de solicitud y los datos acreditativos.<\/p>\n\n\n\n<p>Asimismo, tiene derecho a retirar el consentimiento para el tratamiento de sus datos personales en cualquier momento.<\/p>\n\n\n\n<p>Todo interesado tiene derecho a presentar una reclamaci\u00f3n ante la Agencia Espa\u00f1ola de Protecci\u00f3n de Datos (www.aepd.es).<\/p>","protected":false},"excerpt":{"rendered":"<p>Pol\u00edtica de Privacidad De conformidad con el art\u00edculo 13 del Reglamento (UE) 2016\/679, de 27 de abril, relativo a la protecci\u00f3n de las personas f\u00edsicas en lo que respecta al tratamiento de datos personales y a la libre circulaci\u00f3n de los mismos, y del art\u00edculo 11 de la Ley Org\u00e1nica 3\/2018, de 5 de diciembre,&hellip;&nbsp;<a href=\"https:\/\/wheninlanguage.com\/en\/privacy-policy\/\" rel=\"bookmark\"><span class=\"screen-reader-text\">Privacy Policy<\/span><\/a><\/p>","protected":false},"author":1,"featured_media":0,"parent":0,"menu_order":0,"comment_status":"closed","ping_status":"open","template":"","meta":{"neve_meta_sidebar":"","neve_meta_container":"","neve_meta_enable_content_width":"","neve_meta_content_width":0,"neve_meta_title_alignment":"","neve_meta_author_avatar":"","neve_post_elements_order":"","neve_meta_disable_header":"","neve_meta_disable_footer":"","neve_meta_disable_title":"","_themeisle_gutenberg_block_has_review":false,"footnotes":""},"class_list":["post-3","page","type-page","status-publish","hentry"],"yoast_head":"<!-- This site is optimized with the Yoast SEO plugin v26.5 - https:\/\/yoast.com\/wordpress\/plugins\/seo\/ -->\n<title>Pol\u00edtica de Privacidad - When in Language<\/title>\n<meta name=\"robots\" content=\"index, follow, max-snippet:-1, max-image-preview:large, max-video-preview:-1\" \/>\n<link rel=\"canonical\" href=\"https:\/\/wheninlanguage.com\/en\/privacy-policy\/\" \/>\n<meta property=\"og:locale\" content=\"en_GB\" \/>\n<meta property=\"og:type\" content=\"article\" \/>\n<meta property=\"og:title\" content=\"Pol\u00edtica de Privacidad - When in Language\" \/>\n<meta property=\"og:description\" content=\"Pol\u00edtica de Privacidad De conformidad con el art\u00edculo 13 del Reglamento (UE) 2016\/679, de 27 de abril, relativo a la protecci\u00f3n de las personas f\u00edsicas en lo que respecta al tratamiento de datos personales y a la libre circulaci\u00f3n de los mismos, y del art\u00edculo 11 de la Ley Org\u00e1nica 3\/2018, de 5 de diciembre,&hellip;&nbsp;Pol\u00edtica de Privacidad\" \/>\n<meta property=\"og:url\" content=\"https:\/\/wheninlanguage.com\/en\/privacy-policy\/\" \/>\n<meta property=\"og:site_name\" content=\"When in Language\" \/>\n<meta property=\"article:modified_time\" content=\"2026-03-12T15:28:46+00:00\" \/>\n<meta name=\"twitter:card\" content=\"summary_large_image\" \/>\n<meta name=\"twitter:label1\" content=\"Estimated reading time\" \/>\n\t<meta name=\"twitter:data1\" content=\"3 minutes\" \/>\n<script type=\"application\/ld+json\" class=\"yoast-schema-graph\">{\"@context\":\"https:\/\/schema.org\",\"@graph\":[{\"@type\":\"WebPage\",\"@id\":\"https:\/\/wheninlanguage.com\/privacy-policy\/\",\"url\":\"https:\/\/wheninlanguage.com\/privacy-policy\/\",\"name\":\"Pol\u00edtica de Privacidad - When in Language\",\"isPartOf\":{\"@id\":\"https:\/\/wheninlanguage.com\/#website\"},\"datePublished\":\"2025-12-01T16:30:34+00:00\",\"dateModified\":\"2026-03-12T15:28:46+00:00\",\"breadcrumb\":{\"@id\":\"https:\/\/wheninlanguage.com\/privacy-policy\/#breadcrumb\"},\"inLanguage\":\"en-GB\",\"potentialAction\":[{\"@type\":\"ReadAction\",\"target\":[\"https:\/\/wheninlanguage.com\/privacy-policy\/\"]}]},{\"@type\":\"BreadcrumbList\",\"@id\":\"https:\/\/wheninlanguage.com\/privacy-policy\/#breadcrumb\",\"itemListElement\":[{\"@type\":\"ListItem\",\"position\":1,\"name\":\"Portada\",\"item\":\"https:\/\/wheninlanguage.com\/\"},{\"@type\":\"ListItem\",\"position\":2,\"name\":\"Pol\u00edtica de Privacidad\"}]},{\"@type\":\"WebSite\",\"@id\":\"https:\/\/wheninlanguage.com\/#website\",\"url\":\"https:\/\/wheninlanguage.com\/\",\"name\":\"When in Language\",\"description\":\"When in Language | Traducci\u00f3n y revisi\u00f3n de textos humanos y maqu\u00ednicos\",\"publisher\":{\"@id\":\"https:\/\/wheninlanguage.com\/#organization\"},\"alternateName\":\"When in Language | Traducci\u00f3n y revisi\u00f3n de textos humanos y maqu\u00ednicos\",\"potentialAction\":[{\"@type\":\"SearchAction\",\"target\":{\"@type\":\"EntryPoint\",\"urlTemplate\":\"https:\/\/wheninlanguage.com\/?s={search_term_string}\"},\"query-input\":{\"@type\":\"PropertyValueSpecification\",\"valueRequired\":true,\"valueName\":\"search_term_string\"}}],\"inLanguage\":\"en-GB\"},{\"@type\":\"Organization\",\"@id\":\"https:\/\/wheninlanguage.com\/#organization\",\"name\":\"When in Language\",\"url\":\"https:\/\/wheninlanguage.com\/\",\"logo\":{\"@type\":\"ImageObject\",\"inLanguage\":\"en-GB\",\"@id\":\"https:\/\/wheninlanguage.com\/#\/schema\/logo\/image\/\",\"url\":\"https:\/\/wheninlanguage.com\/wp-content\/uploads\/2020\/12\/web-agency-logo-3.png\",\"contentUrl\":\"https:\/\/wheninlanguage.com\/wp-content\/uploads\/2020\/12\/web-agency-logo-3.png\",\"width\":200,\"height\":200,\"caption\":\"When in Language\"},\"image\":{\"@id\":\"https:\/\/wheninlanguage.com\/#\/schema\/logo\/image\/\"}}]}<\/script>\n<!-- \/ Yoast SEO plugin. -->","yoast_head_json":{"title":"Pol\u00edtica de Privacidad - When in Language","robots":{"index":"index","follow":"follow","max-snippet":"max-snippet:-1","max-image-preview":"max-image-preview:large","max-video-preview":"max-video-preview:-1"},"canonical":"https:\/\/wheninlanguage.com\/en\/privacy-policy\/","og_locale":"en_GB","og_type":"article","og_title":"Pol\u00edtica de Privacidad - When in Language","og_description":"Pol\u00edtica de Privacidad De conformidad con el art\u00edculo 13 del Reglamento (UE) 2016\/679, de 27 de abril, relativo a la protecci\u00f3n de las personas f\u00edsicas en lo que respecta al tratamiento de datos personales y a la libre circulaci\u00f3n de los mismos, y del art\u00edculo 11 de la Ley Org\u00e1nica 3\/2018, de 5 de diciembre,&hellip;&nbsp;Pol\u00edtica de Privacidad","og_url":"https:\/\/wheninlanguage.com\/en\/privacy-policy\/","og_site_name":"When in Language","article_modified_time":"2026-03-12T15:28:46+00:00","twitter_card":"summary_large_image","twitter_misc":{"Estimated reading time":"3 minutes"},"schema":{"@context":"https:\/\/schema.org","@graph":[{"@type":"WebPage","@id":"https:\/\/wheninlanguage.com\/privacy-policy\/","url":"https:\/\/wheninlanguage.com\/privacy-policy\/","name":"Pol\u00edtica de Privacidad - When in Language","isPartOf":{"@id":"https:\/\/wheninlanguage.com\/#website"},"datePublished":"2025-12-01T16:30:34+00:00","dateModified":"2026-03-12T15:28:46+00:00","breadcrumb":{"@id":"https:\/\/wheninlanguage.com\/privacy-policy\/#breadcrumb"},"inLanguage":"en-GB","potentialAction":[{"@type":"ReadAction","target":["https:\/\/wheninlanguage.com\/privacy-policy\/"]}]},{"@type":"BreadcrumbList","@id":"https:\/\/wheninlanguage.com\/privacy-policy\/#breadcrumb","itemListElement":[{"@type":"ListItem","position":1,"name":"Portada","item":"https:\/\/wheninlanguage.com\/"},{"@type":"ListItem","position":2,"name":"Pol\u00edtica de Privacidad"}]},{"@type":"WebSite","@id":"https:\/\/wheninlanguage.com\/#website","url":"https:\/\/wheninlanguage.com\/","name":"When in Language","description":"When in Language | Traducci\u00f3n y revisi\u00f3n de textos humanos y maqu\u00ednicos","publisher":{"@id":"https:\/\/wheninlanguage.com\/#organization"},"alternateName":"When in Language | Traducci\u00f3n y revisi\u00f3n de textos humanos y maqu\u00ednicos","potentialAction":[{"@type":"SearchAction","target":{"@type":"EntryPoint","urlTemplate":"https:\/\/wheninlanguage.com\/?s={search_term_string}"},"query-input":{"@type":"PropertyValueSpecification","valueRequired":true,"valueName":"search_term_string"}}],"inLanguage":"en-GB"},{"@type":"Organization","@id":"https:\/\/wheninlanguage.com\/#organization","name":"When in Language","url":"https:\/\/wheninlanguage.com\/","logo":{"@type":"ImageObject","inLanguage":"en-GB","@id":"https:\/\/wheninlanguage.com\/#\/schema\/logo\/image\/","url":"https:\/\/wheninlanguage.com\/wp-content\/uploads\/2020\/12\/web-agency-logo-3.png","contentUrl":"https:\/\/wheninlanguage.com\/wp-content\/uploads\/2020\/12\/web-agency-logo-3.png","width":200,"height":200,"caption":"When in Language"},"image":{"@id":"https:\/\/wheninlanguage.com\/#\/schema\/logo\/image\/"}}]}},"_links":{"self":[{"href":"https:\/\/wheninlanguage.com\/en\/wp-json\/wp\/v2\/pages\/3","targetHints":{"allow":["GET"]}}],"collection":[{"href":"https:\/\/wheninlanguage.com\/en\/wp-json\/wp\/v2\/pages"}],"about":[{"href":"https:\/\/wheninlanguage.com\/en\/wp-json\/wp\/v2\/types\/page"}],"author":[{"embeddable":true,"href":"https:\/\/wheninlanguage.com\/en\/wp-json\/wp\/v2\/users\/1"}],"replies":[{"embeddable":true,"href":"https:\/\/wheninlanguage.com\/en\/wp-json\/wp\/v2\/comments?post=3"}],"version-history":[{"count":1,"href":"https:\/\/wheninlanguage.com\/en\/wp-json\/wp\/v2\/pages\/3\/revisions"}],"predecessor-version":[{"id":517,"href":"https:\/\/wheninlanguage.com\/en\/wp-json\/wp\/v2\/pages\/3\/revisions\/517"}],"wp:attachment":[{"href":"https:\/\/wheninlanguage.com\/en\/wp-json\/wp\/v2\/media?parent=3"}],"curies":[{"name":"wp","href":"https:\/\/api.w.org\/{rel}","templated":true}]}}